{"id":2,"date":"2018-12-02T20:48:31","date_gmt":"2018-12-02T20:48:31","guid":{"rendered":"http:\/\/www.yokosodutchopen.com\/?page_id=2"},"modified":"2026-02-18T01:33:18","modified_gmt":"2026-02-18T00:33:18","slug":"about","status":"publish","type":"page","link":"https:\/\/www.yokosodutchopen.com\/","title":{"rendered":"About"},"content":{"rendered":"\n<figure class=\"wp-block-gallery has-nested-images columns-default is-cropped wp-block-gallery-1 is-layout-flex wp-block-gallery-is-layout-flex\">\n<figure class=\"wp-block-image size-large\"><a href=\"https:\/\/www.yokosodutchopen.com\/wp-content\/uploads\/2025\/10\/YOKOSO-2024-HEADER-1920x530px.jpg\"><img loading=\"lazy\" decoding=\"async\" width=\"1024\" height=\"283\" data-id=\"960\" src=\"https:\/\/www.yokosodutchopen.com\/wp-content\/uploads\/2025\/10\/YOKOSO-2024-HEADER-1920x530px-1024x283.jpg\" alt=\"\" class=\"wp-image-960\" srcset=\"https:\/\/www.yokosodutchopen.com\/wp-content\/uploads\/2025\/10\/YOKOSO-2024-HEADER-1920x530px-1024x283.jpg 1024w, https:\/\/www.yokosodutchopen.com\/wp-content\/uploads\/2025\/10\/YOKOSO-2024-HEADER-1920x530px-300x83.jpg 300w, https:\/\/www.yokosodutchopen.com\/wp-content\/uploads\/2025\/10\/YOKOSO-2024-HEADER-1920x530px-768x212.jpg 768w, https:\/\/www.yokosodutchopen.com\/wp-content\/uploads\/2025\/10\/YOKOSO-2024-HEADER-1920x530px-1536x424.jpg 1536w, https:\/\/www.yokosodutchopen.com\/wp-content\/uploads\/2025\/10\/YOKOSO-2024-HEADER-1920x530px.jpg 1920w\" sizes=\"(max-width: 767px) 89vw, (max-width: 1000px) 54vw, (max-width: 1071px) 543px, 580px\" \/><\/a><\/figure>\n<\/figure>\n\n\n<p>Traditional Forms &#8211; Musical Forms &#8211; Point Fighting &#8211; Light Contact &#8211; Tag Team &#8211; Grand Champion &#8211; K1 \u2013 Kick Light &#8211; Full Contact<\/p>\n<p>Dear competitors, coaches and officials,<\/p>\n<p>On behalf of the WAKO Nederland and Karatedo Y\u014dkoso it is my pleasure to welcome you to the Y\u014dkoso Dutch Open in The Netherlands, at Sporthallen Zuid Burgerweeshuispad 54 1076 EP in Amsterdam. This great tournament will be held on the Friday 27th, Saturday 28th and Sunday 29th of March 2026. Last years the tournament showed to be a big success. In 2025 we had 28 countries present, we will offer you guaranteed high quality forms and fights. The tournament has been growing for the past 10 years and this will be the first time that we will do it in two days competition. On Friday we will have the weight- in and seminars. We will have all Point Fighting and Traditional forms on Saturday. Also all the grandchampion Forms and the Battles we will have on the Saturday, aswell as Ring Sports. On Sunday we&#8217;ll have all Light Contact, Kick Light divisions, all creative and musical Forms, TAG Team and the Grand Champion Pointfighting divisions. For the Grand Champion Men division there is a prize of 1000 euro and also for the Women there is a 1000 euro prize. Depending on the registration we will have also on Sunday K1. By Dutch Law it\u2019s not allowed to have any contact to the head up till 15 years, so all categories K1 for Cadets (10-11 years, 12-13 years and 14-15 years). For Juniors (16-17 years) it is allowed to have contact to the head since 2025!\u00a0 We will have this year again Forms for disabled athletes as we had last year. The WAKO Nederland is proud to host this Y\u014dkoso Dutch Open event and our organizing committee with the Y\u014dkoso Team is doing its utmost in order to make the Y\u014dkoso Dutch Open as successful as previous editions. We are looking forward to meet you all in The Netherlands and wish you a nice and successful stay in Amstelveen\/ Amsterdam. Y\u014dkoso (Japanese for welcome) at the Y\u014dkoso Dutch Open 2026!<\/p>\n<p><a href=\"http:\/\/vechtsportorganisatie.nl\/\"><img loading=\"lazy\" decoding=\"async\" class=\"alignnone wp-image-145\" src=\"http:\/\/www.yokosodutchopen.com\/wp-content\/uploads\/2018\/12\/VON-300x300.jpeg\" alt=\"\" width=\"240\" height=\"240\" srcset=\"https:\/\/www.yokosodutchopen.com\/wp-content\/uploads\/2018\/12\/VON-300x300.jpeg 300w, https:\/\/www.yokosodutchopen.com\/wp-content\/uploads\/2018\/12\/VON-150x150.jpeg 150w, https:\/\/www.yokosodutchopen.com\/wp-content\/uploads\/2018\/12\/VON-768x769.jpeg 768w, https:\/\/www.yokosodutchopen.com\/wp-content\/uploads\/2018\/12\/VON.jpeg 1023w, https:\/\/www.yokosodutchopen.com\/wp-content\/uploads\/2018\/12\/VON-100x100.jpeg 100w\" sizes=\"(max-width: 240px) 100vw, 240px\" \/>\u00a0\u00a0\u00a0\u00a0<\/a><a href=\"http:\/\/vechtsportorganisatie.nl\/?page_id=28\"><img loading=\"lazy\" decoding=\"async\" class=\"alignnone wp-image-147\" src=\"http:\/\/www.yokosodutchopen.com\/wp-content\/uploads\/2018\/12\/WAKO-130225-296x300.png\" alt=\"\" width=\"240\" height=\"243\" srcset=\"https:\/\/www.yokosodutchopen.com\/wp-content\/uploads\/2018\/12\/WAKO-130225-296x300.png 296w, https:\/\/www.yokosodutchopen.com\/wp-content\/uploads\/2018\/12\/WAKO-130225-768x779.png 768w, https:\/\/www.yokosodutchopen.com\/wp-content\/uploads\/2018\/12\/WAKO-130225-1009x1024.png 1009w, https:\/\/www.yokosodutchopen.com\/wp-content\/uploads\/2018\/12\/WAKO-130225-100x100.png 100w, https:\/\/www.yokosodutchopen.com\/wp-content\/uploads\/2018\/12\/WAKO-130225.png 1662w\" sizes=\"(max-width: 240px) 100vw, 240px\" \/><\/a><\/p>\n<p><span style=\"font-size: 1rem;\">If you have any questions, please contact us!<\/span><\/p>\n<div role=\"form\" class=\"wpcf7\" id=\"wpcf7-f137-o1\" lang=\"nl-NL\" dir=\"ltr\">\n<div class=\"screen-reader-response\"><\/div>\n<form action=\"\/index.php?rest_route=%2Fwp%2Fv2%2Fpages%2F2#wpcf7-f137-o1\" method=\"post\" class=\"wpcf7-form\" novalidate=\"novalidate\">\n<div style=\"display: none;\">\n<input type=\"hidden\" name=\"_wpcf7\" value=\"137\" \/>\n<input type=\"hidden\" name=\"_wpcf7_version\" value=\"5.1.6\" \/>\n<input type=\"hidden\" name=\"_wpcf7_locale\" value=\"nl_NL\" \/>\n<input type=\"hidden\" name=\"_wpcf7_unit_tag\" value=\"wpcf7-f137-o1\" \/>\n<input type=\"hidden\" name=\"_wpcf7_container_post\" value=\"0\" \/>\n<input type=\"hidden\" name=\"g-recaptcha-response\" value=\"\" \/>\n<\/div>\n<p><label> Je naam (verplicht)<br \/>\n    <span class=\"wpcf7-form-control-wrap your-name\"><input type=\"text\" name=\"your-name\" value=\"\" size=\"40\" class=\"wpcf7-form-control wpcf7-text wpcf7-validates-as-required\" aria-required=\"true\" aria-invalid=\"false\" \/><\/span> <\/label><\/p>\n<p><label> Je e-mailadres (verplicht)<br \/>\n    <span class=\"wpcf7-form-control-wrap your-email\"><input type=\"email\" name=\"your-email\" value=\"\" size=\"40\" class=\"wpcf7-form-control wpcf7-text wpcf7-email wpcf7-validates-as-required wpcf7-validates-as-email\" aria-required=\"true\" aria-invalid=\"false\" \/><\/span> <\/label><\/p>\n<p><label> Onderwerp<br \/>\n    <span class=\"wpcf7-form-control-wrap your-subject\"><input type=\"text\" name=\"your-subject\" value=\"\" size=\"40\" class=\"wpcf7-form-control wpcf7-text\" aria-invalid=\"false\" \/><\/span> <\/label><\/p>\n<p><label> Je bericht<br \/>\n    <span class=\"wpcf7-form-control-wrap your-message\"><textarea name=\"your-message\" cols=\"40\" rows=\"10\" class=\"wpcf7-form-control wpcf7-textarea\" aria-invalid=\"false\"><\/textarea><\/span> <\/label><\/p>\n<p><input type=\"submit\" value=\"Verzenden\" class=\"wpcf7-form-control wpcf7-submit\" \/><\/p>\n<div class=\"wpcf7-response-output wpcf7-display-none\"><\/div><\/form><\/div>","protected":false},"excerpt":{"rendered":"<p>Traditional Forms &#8211; Musical Forms &#8211; Point Fighting &#8211; Light Contact &#8211; Tag Team &#8211; Grand Champion &#8211; K1 \u2013 Kick Light &#8211; Full Contact Dear competitors, coaches and officials, On behalf of the WAKO Nederland and Karatedo Y\u014dkoso it is my pleasure to welcome you to the Y\u014dkoso Dutch Open in The Netherlands, at &hellip; <\/p>\n<p class=\"link-more\"><a href=\"https:\/\/www.yokosodutchopen.com\/\" class=\"more-link\">Lees verder <span class=\"screen-reader-text\">&#8220;About&#8221;<\/span><\/a><\/p>\n","protected":false},"author":1,"featured_media":0,"parent":0,"menu_order":0,"comment_status":"open","ping_status":"open","template":"","meta":{"footnotes":""},"_links":{"self":[{"href":"https:\/\/www.yokosodutchopen.com\/index.php?rest_route=\/wp\/v2\/pages\/2"}],"collection":[{"href":"https:\/\/www.yokosodutchopen.com\/index.php?rest_route=\/wp\/v2\/pages"}],"about":[{"href":"https:\/\/www.yokosodutchopen.com\/index.php?rest_route=\/wp\/v2\/types\/page"}],"author":[{"embeddable":true,"href":"https:\/\/www.yokosodutchopen.com\/index.php?rest_route=\/wp\/v2\/users\/1"}],"replies":[{"embeddable":true,"href":"https:\/\/www.yokosodutchopen.com\/index.php?rest_route=%2Fwp%2Fv2%2Fcomments&post=2"}],"version-history":[{"count":34,"href":"https:\/\/www.yokosodutchopen.com\/index.php?rest_route=\/wp\/v2\/pages\/2\/revisions"}],"predecessor-version":[{"id":980,"href":"https:\/\/www.yokosodutchopen.com\/index.php?rest_route=\/wp\/v2\/pages\/2\/revisions\/980"}],"wp:attachment":[{"href":"https:\/\/www.yokosodutchopen.com\/index.php?rest_route=%2Fwp%2Fv2%2Fmedia&parent=2"}],"curies":[{"name":"wp","href":"https:\/\/api.w.org\/{rel}","templated":true}]}}